{"id":210,"date":"2017-09-11T14:22:53","date_gmt":"2017-09-11T12:22:53","guid":{"rendered":"http:\/\/www.brechthaus-augsburg.de\/datenschutz\/"},"modified":"2018-07-04T16:29:18","modified_gmt":"2018-07-04T14:29:18","slug":"datenschutz","status":"publish","type":"page","link":"https:\/\/www.brechthaus-augsburg.de\/en\/datenschutz\/","title":{"rendered":"Privacy Policies"},"content":{"rendered":"<div class=\"container\">\n<div class=\"row\">\n<div class=\"col-md-12\">\n<p>&nbsp;<\/p>\n<h1 style=\"text-align: left\">Datenschutzerkl\u00e4rung<\/h1>\n<p>&nbsp;<\/p>\n<\/p><\/div>\n<div class=\"col-md-12\">\n<p><h2 style=\"text-align: left; font-size: 25px;\">1. Name und Kontaktdaten des f\u00fcr die Verarbeitung Verantwortlichen sowie des betrieblichen Datenschutzbeauftragten<\/h2>\n<p>Diese Datenschutzerkl\u00e4rung gilt f\u00fcr die Datenverarbeitung durch:<\/p>\n<p>Verantwortlicher:<br \/> <br \/>\n\t\t\tRegio Augsburg Tourismus GmbH<br \/>\n\t\t\tVertreten durch den Gesch\u00e4ftsf\u00fchrer G\u00f6tz Beck<br \/>\n\t\t\tSchie\u00dfgrabenstr. 14<br \/>\n\t\t\t86150 Augsburg<br \/>\n\t\t\tDeutschland<br \/>\n\t\t\tTelefon: 08 21\/5 02 07-0<br \/>\n\t\t\tE-Mail: <a href=\"mailto:tourismus@regio-augsburg.de\">tourismus@regio-augsburg.de<\/a><br \/>\n\t\t\tWebseite: https:\/\/www.augsburg-tourismus.de\n\t\t\t<\/p>\n<p>Unser externer Beauftragter f\u00fcr Datenschutz ist Stefan Haugg<br \/>\n\t\t\tE-Mail: <a href=\"mailto:datenschutz@regio-augsburg.de\">datenschutz@regio-augsburg.de<\/a> Telefon: 0821 \/ 57087792<\/p>\n<p>&nbsp;<\/p>\n<\/p><\/div>\n<div class=\"col-md-12\">\n<p><h2 style=\"text-align: left; font-size: 25px;\">2. Erhebung und Speicherung personenbezogener Daten sowie Art und Zweck von deren Verwendung<\/h2>\n<\/p>\n<p>Beim Besuch der Website<\/p>\n<p>Beim Aufrufen unserer Websiten werden durch den auf Ihrem Endger\u00e4t zum Einsatz kommenden Browser automatisch Informationen an den Server unserer Website gesendet. Diese Informationen werden tempor\u00e4r in einem sog. Logfile gespeichert. Folgende Informationen werden dabei ohne Ihr Zutun erfasst und bis zur automatisierten L\u00f6schung gespeichert:<\/p>\n<ul class=\"ul-grey\">\n<li>IP-Adresse<\/li>\n<li>Datum und Uhrzeit der Anfrage<\/li>\n<li>Zeitzonendifferenz zur Greenwich Mean Time (GMT)<\/li>\n<li>Inhalt der Anforderung (konkrete Seite)<\/li>\n<li>Zugriffsstatus\/HTTP-Statuscode<\/li>\n<li>jeweils \u00fcbertragene Datenmenge<\/li>\n<li>Website, von der die Anforderung kommt<\/li>\n<li>Browsertyp nebst Version<\/li>\n<li>Betriebssystem und dessen Oberfl\u00e4che<\/li>\n<li>Sprache und Version der Browsersoftware<\/li>\n<li>Name der aufgerufenen Webseite<\/li>\n<li>Meldung \u00fcber erfolgreichen Abruf<\/li>\n<\/ul>\n<p>Die genannten Daten werden durch uns zu folgenden Zwecken verarbeitet:<\/p>\n<ul class=\"ul-grey\">\n<li>Gew\u00e4hrleistung eines reibungslosen Verbindungsaufbaus der Website,<\/li>\n<li>Gew\u00e4hrleistung einer komfortablen Nutzung unserer Website,<\/li>\n<li>Auswertung der Systemsicherheit und -stabilit\u00e4t sowie<\/li>\n<li>zu weiteren administrativen Zwecken.<\/li>\n<\/ul>\n<p>Die Rechtsgrundlage f\u00fcr die Datenverarbeitung ist Art. 6 Abs. 1 S. 1 lit. f DSGVO. Unser berechtigtes Interesse folgt aus oben aufgelisteten Zwecken zur Datenerhebung. In keinem Fall verwenden wir die erhobenen Daten zu dem Zweck, R\u00fcckschl\u00fcsse auf Ihre Person zu ziehen.<\/p>\n<p>&nbsp;<\/p>\n<\/p><\/div>\n<div class=\"col-md-12\">\n<p><h2 style=\"text-align: left; font-size: 25px;\">3. Weitergabe von Daten<\/h2>\n<\/p>\n<p>Eine \u00dcbermittlung Ihrer pers\u00f6nlichen Daten an Dritte zu anderen als den im Folgenden aufgef\u00fchrten Zwecken findet nicht statt.<\/p>\n<p>Wir geben Ihre pers\u00f6nlichen Daten nur an Dritte weiter, wenn:<\/p>\n<ul class=\"ul-grey\">\n<li>Sie Ihre nach Art. 6 Abs. 1 S. 1 lit. a DSGVO ausdr\u00fcckliche Einwilligung dazu erteilt haben,<\/li>\n<li>die Weitergabe nach Art. 6 Abs. 1 S. 1 lit. f DSGVO zur Geltendmachung, Aus\u00fcbung oder Verteidigung von Rechtsanspr\u00fcchen erforderlich ist und kein Grund zur Annahme besteht, dass Sie ein \u00fcberwiegendes schutzw\u00fcrdiges Interesse an der Nichtweitergabe Ihrer Daten haben,<\/li>\n<li>f\u00fcr den Fall, dass f\u00fcr die Weitergabe nach Art. 6 Abs. 1 S. 1 lit. c DSGVO eine gesetzliche Verpflichtung besteht, oder<\/li>\n<li>dies gesetzlich zul\u00e4ssig und nach Art. 6 Abs. 1 S. 1 lit. b DSGVO f\u00fcr die Abwicklung von Vertragsverh\u00e4ltnissen mit Ihnen erforderlich ist.<\/li>\n<\/ul>\n<p>&nbsp;<\/p>\n<\/p><\/div>\n<div class=\"col-md-12\">\n<p><h2 style=\"text-align: left; font-size: 25px;\">4. Einbindung von YouTube-Videos<\/h2>\n<\/p>\n<p>Wir haben YouTube-Videos in unser Online-Angebot eingebunden, die auf http:\/\/www.YouTube.com gespeichert sind und von unserer Website aus direkt abspielbar sind. [Diese sind alle im \u201eerweiterten Datenschutz-Modus\u201c eingebunden, d.h. dass keine Daten \u00fcber Sie als Nutzer an YouTube \u00fcbertragen werden, wenn Sie die Videos nicht abspielen. Erst wenn Sie die Videos abspielen, werden die in Absatz 2 genannten Daten \u00fcbertragen. Auf diese Daten\u00fcbertragung haben wir keinen Einfluss.] <\/p>\n<p>Durch den Besuch auf der Website erh\u00e4lt YouTube die Information, dass Sie die entsprechende Unterseite unserer Website aufgerufen haben. Zudem werden die unter \u00a7 3 dieser Erkl\u00e4rung genannten Daten \u00fcbermittelt. Dies erfolgt unabh\u00e4ngig davon, ob YouTube ein Nutzerkonto bereitstellt, \u00fcber das Sie eingeloggt sind, oder ob kein Nutzerkonto besteht. Wenn Sie bei Google eingeloggt sind, werden Ihre Daten direkt Ihrem Konto zugeordnet. Wenn Sie die Zuordnung mit Ihrem Profil bei YouTube nicht w\u00fcnschen, m\u00fcssen Sie sich vor Aktivierung des Buttons ausloggen. YouTube speichert Ihre Daten als Nutzungsprofile und nutzt sie f\u00fcr Zwecke der Werbung, Marktforschung und\/oder bedarfsgerechten Gestaltung seiner Website. Eine solche Auswertung erfolgt insbesondere (selbst f\u00fcr nicht eingeloggte Nutzer) zur Erbringung von bedarfsgerechter Werbung und um andere Nutzer des sozialen Netzwerks \u00fcber Ihre Aktivit\u00e4ten auf unserer Website zu informieren. Ihnen steht ein Widerspruchsrecht zu gegen die Bildung dieser Nutzerprofile, wobei Sie sich zur Aus\u00fcbung dessen an YouTube richten m\u00fcssen.<\/p>\n<p>Weitere Informationen zu Zweck und Umfang der Datenerhebung und ihrer Verarbeitung durch YouTube erhalten Sie in der Datenschutzerkl\u00e4rung. Dort erhalten Sie auch weitere Informationen zu Ihren Rechten und Einstellungsm\u00f6glichkeiten zum Schutze Ihrer Privatsph\u00e4re: <a href=\"https:\/\/www.google.de\/intl\/de\/policies\/privacy\">https:\/\/www.google.de\/intl\/de\/policies\/privacy<\/a>. Google verarbeitet Ihre personenbezogenen Daten auch in den USA und hat sich dem EU-US-Privacy-Shield unterworfen, <a href=\"https:\/\/www.privacyshield.gov\/EU-US-Framework\">https:\/\/www.privacyshield.gov\/EU-US-Framework<\/a>.<\/p>\n<p>&nbsp;<\/p>\n<\/p><\/div>\n<div class=\"col-md-12\">\n<p><h2 style=\"text-align: left; font-size: 25px;\">5. Betroffenenrechte<\/h2>\n<\/p>\n<p>Sie haben das Recht:<\/p>\n<ul class=\"ul-grey\">\n<li>gem\u00e4\u00df Art. 15 DSGVO Auskunft \u00fcber Ihre von uns verarbeiteten personenbezogenen Daten zu verlangen. Insbesondere k\u00f6nnen Sie Auskunft \u00fcber die Verarbeitungszwecke, die Kategorie der personenbezogenen Daten, die Kategorien von Empf\u00e4ngern, gegen\u00fcber denen Ihre Daten offengelegt wurden oder werden, die geplante Speicherdauer, das Bestehen eines Rechts auf Berichtigung, L\u00f6schung, Einschr\u00e4nkung der Verarbeitung oder Widerspruch, das Bestehen eines Beschwerderechts, die Herkunft ihrer Daten, sofern diese nicht bei uns erhoben wurden, sowie \u00fcber das Bestehen einer automatisierten Entscheidungsfindung einschlie\u00dflich Profiling und ggf. aussagekr\u00e4ftigen Informationen zu deren Einzelheiten verlangen;<\/li>\n<li>gem\u00e4\u00df Art. 16 DSGVO unverz\u00fcglich die Berichtigung unrichtiger oder Vervollst\u00e4ndigung Ihrer bei uns gespeicherten personenbezogenen Daten zu verlangen;<\/li>\n<li>gem\u00e4\u00df Art. 17 DSGVO die L\u00f6schung Ihrer bei uns gespeicherten personenbezogenen Daten zu verlangen, soweit nicht die Verarbeitung zur Aus\u00fcbung des Rechts auf freie Meinungs\u00e4u\u00dferung und Information, zur Erf\u00fcllung einer rechtlichen Verpflichtung, aus Gr\u00fcnden des \u00f6ffentlichen Interesses oder zur Geltendmachung, Aus\u00fcbung oder Verteidigung von Rechtsanspr\u00fcchen erforderlich ist;<\/li>\n<li>gem\u00e4\u00df Art. 18 DSGVO die Einschr\u00e4nkung der Verarbeitung Ihrer personenbezogenen Daten zu verlangen, soweit die Richtigkeit der Daten von Ihnen bestritten wird, die Verarbeitung unrechtm\u00e4\u00dfig ist, Sie aber deren L\u00f6schung ablehnen und wir die Daten nicht mehr ben\u00f6tigen, Sie jedoch diese zur Geltendmachung, Aus\u00fcbung oder Verteidigung von Rechtsanspr\u00fcchen ben\u00f6tigen oder Sie gem\u00e4\u00df Art. 21 DSGVO Widerspruch gegen die Verarbeitung eingelegt haben;<\/li>\n<li>gem\u00e4\u00df Art. 20 DSGVO Ihre personenbezogenen Daten, die Sie uns bereitgestellt haben, in einem strukturierten, g\u00e4ngigen und maschinenlesebaren Format zu erhalten oder die \u00dcbermittlung an einen anderen Verantwortlichen zu verlangen;<\/li>\n<li>gem\u00e4\u00df Art. 7 Abs. 3 DSGVO Ihre einmal erteilte Einwilligung jederzeit gegen\u00fcber uns zu widerrufen. Dies hat zur Folge, dass wir die Datenverarbeitung, die auf dieser Einwilligung beruhte, f\u00fcr die Zukunft nicht mehr fortf\u00fchren d\u00fcrfen und<\/li>\n<li>gem\u00e4\u00df Art. 77 DSGVO sich bei einer Aufsichtsbeh\u00f6rde zu beschweren. In der Regel k\u00f6nnen Sie sich hierf\u00fcr an die Aufsichtsbeh\u00f6rde Ihres \u00fcblichen Aufenthaltsortes oder Arbeitsplatzes oder unseres Firmensitzes wenden.<\/li>\n<\/ul>\n<p>&nbsp;<\/p>\n<\/p><\/div>\n<div class=\"col-md-12\">\n<p><h2 style=\"text-align: left; font-size: 25px;\">6. Widerspruchsrecht<\/h2>\n<\/p>\n<p>Sofern Ihre personenbezogenen Daten auf Grundlage von berechtigten Interessen gem\u00e4\u00df Art. 6 Abs. 1 S. 1 lit. f DSGVO verarbeitet werden, haben Sie das Recht, gem\u00e4\u00df Art. 21 DSGVO Widerspruch gegen die Verarbeitung Ihrer personenbezogenen Daten einzulegen, soweit daf\u00fcr Gr\u00fcnde vorliegen, die sich aus Ihrer besonderen Situation ergeben oder sich der Widerspruch gegen Direktwerbung richtet. Im letzteren Fall haben Sie ein generelles Widerspruchsrecht, das ohne Angabe einer besonderen Situation von uns umgesetzt wird.<\/p>\n<p>M\u00f6chten Sie von Ihrem Widerrufs- oder Widerspruchsrecht Gebrauch machen, gen\u00fcgt eine E-Mail an <a href=\"mailto:Datenschutz@regio-augsburg.de\">Datenschutz@regio-augsburg.de<\/a><\/p>\n<p>&nbsp;<\/p>\n<\/p><\/div>\n<div class=\"col-md-12\">\n<p><h2 style=\"text-align: left; font-size: 25px;\">7. Datensicherheit<\/h2>\n<\/p>\n<p>Wir verwenden innerhalb des Website-Besuchs das verbreitete SSL-Verfahren (Secure Socket Layer) in Verbindung mit der jeweils h\u00f6chsten Verschl\u00fcsselungsstufe, die von Ihrem Browser unterst\u00fctzt wird. In der Regel handelt es sich dabei um eine 256 Bit Verschl\u00fcsselung. Falls Ihr Browser keine 256-Bit Verschl\u00fcsselung unterst\u00fctzt, greifen wir stattdessen auf 128-Bit v3 Technologie zur\u00fcck. Ob eine einzelne Seite unseres Internetauftrittes verschl\u00fcsselt \u00fcbertragen wird, erkennen Sie an der geschlossenen Darstellung des Sch\u00fcssel- beziehungsweise Schloss-Symbols in der unteren Statusleiste Ihres Browsers.<\/p>\n<p>Wir bedienen uns im \u00dcbrigen geeigneter technischer und organisatorischer Sicherheitsma\u00dfnahmen, um Ihre Daten gegen zuf\u00e4llige oder vors\u00e4tzliche Manipulationen, teilweisen oder vollst\u00e4ndigen Verlust, Zerst\u00f6rung oder gegen den unbefugten Zugriff Dritter zu sch\u00fctzen. Unsere Sicherheitsma\u00dfnahmen werden entsprechend der technologischen Entwicklung fortlaufend verbessert.<\/p>\n<p>&nbsp;<\/p>\n<\/p><\/div>\n<div class=\"col-md-12\">\n<p><h2 style=\"text-align: left; font-size: 25px;\">8. Aktualit\u00e4t und \u00c4nderung dieser Datenschutzerkl\u00e4rung<\/h2>\n<\/p>\n<p>Diese Datenschutzerkl\u00e4rung ist aktuell g\u00fcltig und hat den Stand Mai 2018.<\/p>\n<p>Durch die Weiterentwicklung unserer Website und Angebote dar\u00fcber oder aufgrund ge\u00e4nderter gesetzlicher beziehungsweise beh\u00f6rdlicher Vorgaben kann es notwendig werden, diese Datenschutzerkl\u00e4rung zu \u00e4ndern. Die jeweils aktuelle Datenschutzerkl\u00e4rung kann jederzeit auf der Website unter <a href=\"https:\/\/www.regio-augsburg.de\/datenschutz\">https:\/\/www.regio-augsburg.de\/datenschutz<\/a> von Ihnen abgerufen werden.<\/p>\n<p>&nbsp;<\/p>\n<\/p><\/div>\n<div class=\"col-md-12\">\n<p><h2 style=\"text-align: left; font-size: 25px;\">9. Unsere E-Mail-Adressen<\/h2>\n<\/p>\n<p>Unsere angegebenen E-Mail-Adressen sind sogenannte Funktionsaccounts und werden immer von mehreren Mitarbeitern gelesen um besten und schnellst m\u00f6glichen Service zu gew\u00e4hrleisten. Bitte nutzen die die abgebildeten E-Mail-Adressen nicht f\u00fcr pers\u00f6nliche vertrauliche Inhalte.<\/p>\n<p>&nbsp;<\/p>\n<\/p><\/div>\n<\/p><\/div>\n<\/div>\n","protected":false},"excerpt":{"rendered":"<p>&nbsp; Datenschutzerkl\u00e4rung &nbsp; 1. Name und Kontaktdaten des f\u00fcr die Verarbeitung Verantwortlichen sowie des betrieblichen Datenschutzbeauftragten Diese Datenschutzerkl\u00e4rung gilt f\u00fcr die Datenverarbeitung durch: Verantwortlicher: Regio Augsburg Tourismus GmbH Vertreten durch [&hellip;]<\/p>\n","protected":false},"author":1,"featured_media":0,"parent":0,"menu_order":0,"comment_status":"closed","ping_status":"closed","template":"","meta":{"footnotes":""},"class_list":["post-210","page","type-page","status-publish","hentry"],"yoast_head":"<!-- This site is optimized with the Yoast SEO plugin v27.4 - https:\/\/yoast.com\/product\/yoast-seo-wordpress\/ -->\n<title>Privacy Policies | Brechthaus Augsburg | Official Video Guide<\/title>\n<meta name=\"description\" content=\"We, the Regio Augsburg Tourismus GmbH, take the protection of your personal data very seriously and strictly adhere to the data privacy laws. Our Data privacy regulations will give you an overview over how we ensure this protection, what kind of data is collected and for what purpose.\" \/>\n<meta name=\"robots\" content=\"index, follow, max-snippet:-1, max-image-preview:large, max-video-preview:-1\" \/>\n<link rel=\"canonical\" href=\"https:\/\/www.brechthaus-augsburg.de\/en\/datenschutz\/\" \/>\n<meta property=\"og:locale\" content=\"en_US\" \/>\n<meta property=\"og:type\" content=\"article\" \/>\n<meta property=\"og:title\" content=\"Privacy Policies | Brechthaus Augsburg | Official Video Guide\" \/>\n<meta property=\"og:description\" content=\"We, the Regio Augsburg Tourismus GmbH, take the protection of your personal data very seriously and strictly adhere to the data privacy laws. Our Data privacy regulations will give you an overview over how we ensure this protection, what kind of data is collected and for what purpose.\" \/>\n<meta property=\"og:url\" content=\"https:\/\/www.brechthaus-augsburg.de\/en\/datenschutz\/\" \/>\n<meta property=\"og:site_name\" content=\"Brechthaus Augsburg\" \/>\n<meta property=\"article:modified_time\" content=\"2018-07-04T14:29:18+00:00\" \/>\n<meta name=\"twitter:card\" content=\"summary_large_image\" \/>\n<meta name=\"twitter:label1\" content=\"Est. reading time\" \/>\n\t<meta name=\"twitter:data1\" content=\"7 minutes\" \/>\n<script type=\"application\/ld+json\" class=\"yoast-schema-graph\">{\"@context\":\"https:\\\/\\\/schema.org\",\"@graph\":[{\"@type\":\"WebPage\",\"@id\":\"https:\\\/\\\/www.brechthaus-augsburg.de\\\/en\\\/datenschutz\\\/\",\"url\":\"https:\\\/\\\/www.brechthaus-augsburg.de\\\/en\\\/datenschutz\\\/\",\"name\":\"Privacy Policies | Brechthaus Augsburg | Official Video Guide\",\"isPartOf\":{\"@id\":\"https:\\\/\\\/www.brechthaus-augsburg.de\\\/#website\"},\"datePublished\":\"2017-09-11T12:22:53+00:00\",\"dateModified\":\"2018-07-04T14:29:18+00:00\",\"description\":\"We, the Regio Augsburg Tourismus GmbH, take the protection of your personal data very seriously and strictly adhere to the data privacy laws. Our Data privacy regulations will give you an overview over how we ensure this protection, what kind of data is collected and for what purpose.\",\"breadcrumb\":{\"@id\":\"https:\\\/\\\/www.brechthaus-augsburg.de\\\/en\\\/datenschutz\\\/#breadcrumb\"},\"inLanguage\":\"en-US\",\"potentialAction\":[{\"@type\":\"ReadAction\",\"target\":[\"https:\\\/\\\/www.brechthaus-augsburg.de\\\/en\\\/datenschutz\\\/\"]}]},{\"@type\":\"BreadcrumbList\",\"@id\":\"https:\\\/\\\/www.brechthaus-augsburg.de\\\/en\\\/datenschutz\\\/#breadcrumb\",\"itemListElement\":[{\"@type\":\"ListItem\",\"position\":1,\"name\":\"Startseite\",\"item\":\"https:\\\/\\\/www.brechthaus-augsburg.de\\\/en\\\/\"},{\"@type\":\"ListItem\",\"position\":2,\"name\":\"Privacy Policies\"}]},{\"@type\":\"WebSite\",\"@id\":\"https:\\\/\\\/www.brechthaus-augsburg.de\\\/#website\",\"url\":\"https:\\\/\\\/www.brechthaus-augsburg.de\\\/\",\"name\":\"Brechthaus Augsburg\",\"description\":\"\",\"potentialAction\":[{\"@type\":\"SearchAction\",\"target\":{\"@type\":\"EntryPoint\",\"urlTemplate\":\"https:\\\/\\\/www.brechthaus-augsburg.de\\\/?s={search_term_string}\"},\"query-input\":{\"@type\":\"PropertyValueSpecification\",\"valueRequired\":true,\"valueName\":\"search_term_string\"}}],\"inLanguage\":\"en-US\"}]}<\/script>\n<!-- \/ Yoast SEO plugin. -->","yoast_head_json":{"title":"Privacy Policies | Brechthaus Augsburg | Official Video Guide","description":"We, the Regio Augsburg Tourismus GmbH, take the protection of your personal data very seriously and strictly adhere to the data privacy laws. Our Data privacy regulations will give you an overview over how we ensure this protection, what kind of data is collected and for what purpose.","robots":{"index":"index","follow":"follow","max-snippet":"max-snippet:-1","max-image-preview":"max-image-preview:large","max-video-preview":"max-video-preview:-1"},"canonical":"https:\/\/www.brechthaus-augsburg.de\/en\/datenschutz\/","og_locale":"en_US","og_type":"article","og_title":"Privacy Policies | Brechthaus Augsburg | Official Video Guide","og_description":"We, the Regio Augsburg Tourismus GmbH, take the protection of your personal data very seriously and strictly adhere to the data privacy laws. Our Data privacy regulations will give you an overview over how we ensure this protection, what kind of data is collected and for what purpose.","og_url":"https:\/\/www.brechthaus-augsburg.de\/en\/datenschutz\/","og_site_name":"Brechthaus Augsburg","article_modified_time":"2018-07-04T14:29:18+00:00","twitter_card":"summary_large_image","twitter_misc":{"Est. reading time":"7 minutes"},"schema":{"@context":"https:\/\/schema.org","@graph":[{"@type":"WebPage","@id":"https:\/\/www.brechthaus-augsburg.de\/en\/datenschutz\/","url":"https:\/\/www.brechthaus-augsburg.de\/en\/datenschutz\/","name":"Privacy Policies | Brechthaus Augsburg | Official Video Guide","isPartOf":{"@id":"https:\/\/www.brechthaus-augsburg.de\/#website"},"datePublished":"2017-09-11T12:22:53+00:00","dateModified":"2018-07-04T14:29:18+00:00","description":"We, the Regio Augsburg Tourismus GmbH, take the protection of your personal data very seriously and strictly adhere to the data privacy laws. Our Data privacy regulations will give you an overview over how we ensure this protection, what kind of data is collected and for what purpose.","breadcrumb":{"@id":"https:\/\/www.brechthaus-augsburg.de\/en\/datenschutz\/#breadcrumb"},"inLanguage":"en-US","potentialAction":[{"@type":"ReadAction","target":["https:\/\/www.brechthaus-augsburg.de\/en\/datenschutz\/"]}]},{"@type":"BreadcrumbList","@id":"https:\/\/www.brechthaus-augsburg.de\/en\/datenschutz\/#breadcrumb","itemListElement":[{"@type":"ListItem","position":1,"name":"Startseite","item":"https:\/\/www.brechthaus-augsburg.de\/en\/"},{"@type":"ListItem","position":2,"name":"Privacy Policies"}]},{"@type":"WebSite","@id":"https:\/\/www.brechthaus-augsburg.de\/#website","url":"https:\/\/www.brechthaus-augsburg.de\/","name":"Brechthaus Augsburg","description":"","potentialAction":[{"@type":"SearchAction","target":{"@type":"EntryPoint","urlTemplate":"https:\/\/www.brechthaus-augsburg.de\/?s={search_term_string}"},"query-input":{"@type":"PropertyValueSpecification","valueRequired":true,"valueName":"search_term_string"}}],"inLanguage":"en-US"}]}},"_links":{"self":[{"href":"https:\/\/www.brechthaus-augsburg.de\/en\/wp-json\/wp\/v2\/pages\/210","targetHints":{"allow":["GET"]}}],"collection":[{"href":"https:\/\/www.brechthaus-augsburg.de\/en\/wp-json\/wp\/v2\/pages"}],"about":[{"href":"https:\/\/www.brechthaus-augsburg.de\/en\/wp-json\/wp\/v2\/types\/page"}],"author":[{"embeddable":true,"href":"https:\/\/www.brechthaus-augsburg.de\/en\/wp-json\/wp\/v2\/users\/1"}],"replies":[{"embeddable":true,"href":"https:\/\/www.brechthaus-augsburg.de\/en\/wp-json\/wp\/v2\/comments?post=210"}],"version-history":[{"count":5,"href":"https:\/\/www.brechthaus-augsburg.de\/en\/wp-json\/wp\/v2\/pages\/210\/revisions"}],"predecessor-version":[{"id":702,"href":"https:\/\/www.brechthaus-augsburg.de\/en\/wp-json\/wp\/v2\/pages\/210\/revisions\/702"}],"wp:attachment":[{"href":"https:\/\/www.brechthaus-augsburg.de\/en\/wp-json\/wp\/v2\/media?parent=210"}],"curies":[{"name":"wp","href":"https:\/\/api.w.org\/{rel}","templated":true}]}}